{"id":87,"date":"2025-01-23T09:32:40","date_gmt":"2025-01-23T09:32:40","guid":{"rendered":"https:\/\/www.mtmsa.com\/?page_id=87"},"modified":"2025-01-23T10:41:03","modified_gmt":"2025-01-23T10:41:03","slug":"politica-de-cookies","status":"publish","type":"page","link":"https:\/\/www.mtmsa.com\/en\/politica-de-cookies\/","title":{"rendered":"Pol\u00edtica de cookies"},"content":{"rendered":"<h3><b>\u00bfQu\u00e9 son las Cookies?<\/b><\/h3>\n<p><span style=\"font-weight: 300;\">Una cookie es un archivo o dispositivo que se descarga en el equipo terminal de un usuario con la finalidad de almacenar datos que podr\u00e1n ser actualizados y recuperados por la entidad responsable de su instalaci\u00f3n. Es decir, es un fichero que se descarga en su ordenador al acceder a determinadas p\u00e1ginas web. Las cookies permiten a una p\u00e1gina web, entre otras cosas, almacenar y recuperar informaci\u00f3n sobre los h\u00e1bitos de navegaci\u00f3n de un usuario o de su equipo y, dependiendo de la informaci\u00f3n que contengan y de la forma en que utilice su equipo, pueden utilizarse para reconocer al usuario.<\/span><\/p>\n<h3><b>Tipolog\u00eda de Cookies<\/b><\/h3>\n<p><span style=\"font-weight: 300;\">Existen diferentes tipos de cookies en funci\u00f3n, sobre todo, de la naturaleza de estas, as\u00ed se clasifican para t\u00edtulo orientativo, entre otras, las siguientes:<\/span><\/p>\n<p><b>Seg\u00fan el plazo de tiempo:\u00a0\u00a0<\/b><\/p>\n<ul>\n<li style=\"font-weight: 300;\" aria-level=\"1\"><span style=\"font-weight: 300;\">\u00a0Cookies de sesi\u00f3n: son aquellas dise\u00f1adas para recabar y almacenar datos mientras el usuario accede a una p\u00e1gina web. Se suelen emplear para almacenar informaci\u00f3n que solo interesa conservar para la prestaci\u00f3n del servicio solicitado por el usuario en una sola ocasi\u00f3n (por ejemplo, una lista de productos adquiridos) y desaparecen al terminar la sesi\u00f3n.<\/span><\/li>\n<li style=\"font-weight: 300;\" aria-level=\"1\"><span style=\"font-weight: 300;\">Cookies persistentes: son aquellas en las que los datos siguen almacenados en el terminal y pueden ser accedidos y tratados durante un periodo definido por el responsable de la cookie, y que puede ir de unos minutos a varios a\u00f1os.<\/span><\/li>\n<\/ul>\n<p><b>Seg\u00fan su finalidad:<\/b><\/p>\n<ul>\n<li style=\"font-weight: 300;\" aria-level=\"1\"><span style=\"font-weight: 300;\">Cookies t\u00e9cnicas: son aqu\u00e9llas que permiten al usuario la navegaci\u00f3n a trav\u00e9s de una p\u00e1gina web, plataforma o aplicaci\u00f3n y la utilizaci\u00f3n de las diferentes opciones o servicios que en ella existan, incluyendo aquellas que el editor utiliza para permitir la gesti\u00f3n y operativa de la p\u00e1gina web y habilitar sus funciones y servicios (como por ejemplo, controlar el tr\u00e1fico y la comunicaci\u00f3n de datos, identificar la sesi\u00f3n, acceder a partes de acceso restringido y finalidades similares de naturaleza t\u00e9cnica).<\/span><\/li>\n<li style=\"font-weight: 300;\" aria-level=\"1\"><span style=\"font-weight: 300;\">Cookies de personalizaci\u00f3n: son aqu\u00e9llas que permiten recordar informaci\u00f3n para que el usuario acceda al servicio con determinadas caracter\u00edsticas que pueden diferenciar su experiencia de la de otros usuarios, como, por ejemplo, el idioma, el n\u00famero de resultados a mostrar cuando el usuario realiza una b\u00fasqueda, el aspecto o contenido del servicio en funci\u00f3n del tipo de navegador a trav\u00e9s del cual el usuario accede al servicio o de la regi\u00f3n desde la que accede al servicio, etc.<\/span><\/li>\n<li style=\"font-weight: 300;\" aria-level=\"1\"><span style=\"font-weight: 300;\">Cookies de an\u00e1lisis: son aqu\u00e9llas que permiten al responsable de estas el seguimiento y an\u00e1lisis del comportamiento de los usuarios de los sitios web a los que est\u00e1n vinculadas, incluida la cuantificaci\u00f3n de los impactos de los anuncios. La informaci\u00f3n recogida mediante este tipo de cookies se utiliza en la medici\u00f3n de la actividad de los sitios web, aplicaci\u00f3n o plataforma, con el fin de introducir mejoras en funci\u00f3n del an\u00e1lisis de los datos de uso que hacen los usuarios del servicio.<\/span><\/li>\n<li style=\"font-weight: 300;\" aria-level=\"1\"><span style=\"font-weight: 300;\">Cookies de publicidad comportamental: son aquellas que almacenan informaci\u00f3n del comportamiento de los usuarios obtenida a trav\u00e9s de la observaci\u00f3n continuada de sus h\u00e1bitos de navegaci\u00f3n, lo que permite desarrollar un perfil espec\u00edfico para mostrar publicidad en funci\u00f3n de este.<\/span><\/li>\n<\/ul>\n<p><b>Seg\u00fan la entidad que las gestiona:\u00a0<\/b><\/p>\n<ul>\n<li style=\"font-weight: 300;\" aria-level=\"1\"><span style=\"font-weight: 300;\">Cookies propias: son aquellas que se env\u00edan al equipo terminal del usuario desde un equipo o dominio gestionado por el propio editor y desde el que se presta el servicio solicitado por el usuario.\u00a0<\/span><\/li>\n<li style=\"font-weight: 300;\" aria-level=\"1\"><span style=\"font-weight: 300;\">Cookies de tercero: son aquellas que se env\u00edan al equipo terminal del usuario desde un equipo o dominio que no es gestionado por el editor, sino que por otra entidad que trata los datos obtenidos a trav\u00e9s de las cookies.<\/span><\/li>\n<\/ul>\n<h3><b>\u00bfC\u00f3mo gestionar la configuraci\u00f3n de las cookies?<\/b><\/h3>\n<p><span style=\"font-weight: 300;\">En el presente apartado se lleva a cabo una breve exposici\u00f3n de c\u00f3mo consultar y llevar a cabo la configuraci\u00f3n del sistema de cookies en relaci\u00f3n con los navegadores m\u00e1s comunes o m\u00e1s utilizados por los usuarios<\/span><\/p>\n<p><span style=\"font-weight: 300;\">En este sentido, pr\u00e1cticamente todos los navegadores permiten al usuario obtener informaci\u00f3n general sobre las cookies instaladas en una p\u00e1gina web, concretamente verificar la existencia de las mismas, su duraci\u00f3n o el sistema de eliminaci\u00f3n. En este sentido, a t\u00edtulo informativo, se facilitan una serie de enlaces relacionados:\u00a0<\/span><\/p>\n<p><b>Google Chrome<\/b><span style=\"font-weight: 300;\">: <\/span><a href=\"https:\/\/support.google.com\/chrome\/answer\/95647?hl=es&amp;co=GENIE.Platform%3DDesktop\"><span style=\"font-weight: 300;\">https:\/\/support.google.com\/chrome\/answer\/95647?hl=es&amp;co=GENIE.Platform%3DDesktop<\/span><\/a><\/p>\n<p><b>Mozilla Firefox<\/b><span style=\"font-weight: 300;\">: <\/span><a href=\"https:\/\/support.mozilla.org\/es\/kb\/Borrar%20cookies\"><span style=\"font-weight: 300;\">https:\/\/support.mozilla.org\/es\/kb\/Borrar%20cookies<\/span><\/a><\/p>\n<p><b>Internet Explorer<\/b><span style=\"font-weight: 300;\">: <\/span><a href=\"https:\/\/support.microsoft.com\/es-es\/topic\/c%C3%B3mo-eliminar-archivos-de-cookies-en-internet-explorer-bca9446f-d873-78de-77ba-d42645fa52fc\"><span style=\"font-weight: 300;\">https:\/\/support.microsoft.com\/es-es\/topic\/c%C3%B3mo-eliminar-archivos-de-cookies-en-internet-explorer-bca9446f-d873-78de-77ba-d42645fa52fc<\/span><\/a><\/p>\n<p><b>Safari<\/b><span style=\"font-weight: 300;\">: <\/span><a href=\"https:\/\/support.apple.com\/es-es\/guide\/safari\/sfri11471\/mac\"><span style=\"font-weight: 300;\">https:\/\/support.apple.com\/es-es\/guide\/safari\/sfri11471\/mac<\/span><\/a><\/p>\n<p><span style=\"font-weight: 300;\">Por otra parte, el usuario podr\u00e1 permitir, bloquear o eliminar las cookies instaladas en su equipo modificando la configuraci\u00f3n de su navegador conforme a las instrucciones indicadas en el mismo. A t\u00edtulo informativo se indica que habitualmente la configuraci\u00f3n de las cookies se suele llevar a cabo en el men\u00fa \u201cPreferencias\u201d o \u201cHerramientas\u201d de cada navegador, en cualquier caso, siempre podr\u00e1 acudir a la ayuda de su navegador para solucionar o solventar las dudas que se le generen al respecto.\u00a0<\/span><\/p>\n<p><span style=\"font-weight: 300;\">Conviene tener en cuenta que, si se impide la instalaci\u00f3n de todas las cookies, el contenido de la web, as\u00ed como determinadas funcionalidades y servicios facilitados por la misma pueden verse afectados.<\/span><\/p>\n<h3><b>Periodo de conservaci\u00f3n<\/b><\/h3>\n<p><span style=\"font-weight: 300;\">La conservaci\u00f3n de los datos recogidos a trav\u00e9s de las cookies estar\u00e1 relacionada en funci\u00f3n de la finalidad por la cual se recaba, sin perjuicio de lo establecido legalmente.<\/span><\/p>\n<p><span style=\"font-weight: 300;\">Para m\u00e1s informaci\u00f3n acerca del tratamiento de datos personales puede consultar nuestra <a href=\"https:\/\/www.mtmsa.com\/en\/proteccion-de-datos\/\">Pol\u00edtica de Privacidad<\/a>.\u00a0<\/span><\/p>","protected":false},"excerpt":{"rendered":"<p>\u00bfQu\u00e9 son las Cookies? Una cookie es un archivo o dispositivo que se descarga en el equipo terminal de un usuario con la finalidad de almacenar datos que podr\u00e1n ser actualizados y recuperados por la entidad responsable de su instalaci\u00f3n. Es decir, es un fichero que se descarga en su ordenador al acceder a determinadas [&hellip;]<\/p>\n","protected":false},"author":1,"featured_media":0,"parent":0,"menu_order":0,"comment_status":"closed","ping_status":"closed","template":"","meta":{"ocean_post_layout":"","ocean_both_sidebars_style":"","ocean_both_sidebars_content_width":0,"ocean_both_sidebars_sidebars_width":0,"ocean_sidebar":"0","ocean_second_sidebar":"0","ocean_disable_margins":"enable","ocean_add_body_class":"","ocean_shortcode_before_top_bar":"","ocean_shortcode_after_top_bar":"","ocean_shortcode_before_header":"","ocean_shortcode_after_header":"","ocean_has_shortcode":"","ocean_shortcode_after_title":"","ocean_shortcode_before_footer_widgets":"","ocean_shortcode_after_footer_widgets":"","ocean_shortcode_before_footer_bottom":"","ocean_shortcode_after_footer_bottom":"","ocean_display_top_bar":"default","ocean_display_header":"default","ocean_header_style":"","ocean_center_header_left_menu":"0","ocean_custom_header_template":"0","ocean_custom_logo":0,"ocean_custom_retina_logo":0,"ocean_custom_logo_max_width":0,"ocean_custom_logo_tablet_max_width":0,"ocean_custom_logo_mobile_max_width":0,"ocean_custom_logo_max_height":0,"ocean_custom_logo_tablet_max_height":0,"ocean_custom_logo_mobile_max_height":0,"ocean_header_custom_menu":"0","ocean_menu_typo_font_family":"0","ocean_menu_typo_font_subset":"","ocean_menu_typo_font_size":0,"ocean_menu_typo_font_size_tablet":0,"ocean_menu_typo_font_size_mobile":0,"ocean_menu_typo_font_size_unit":"px","ocean_menu_typo_font_weight":"","ocean_menu_typo_font_weight_tablet":"","ocean_menu_typo_font_weight_mobile":"","ocean_menu_typo_transform":"","ocean_menu_typo_transform_tablet":"","ocean_menu_typo_transform_mobile":"","ocean_menu_typo_line_height":0,"ocean_menu_typo_line_height_tablet":0,"ocean_menu_typo_line_height_mobile":0,"ocean_menu_typo_line_height_unit":"","ocean_menu_typo_spacing":0,"ocean_menu_typo_spacing_tablet":0,"ocean_menu_typo_spacing_mobile":0,"ocean_menu_typo_spacing_unit":"","ocean_menu_link_color":"","ocean_menu_link_color_hover":"","ocean_menu_link_color_active":"","ocean_menu_link_background":"","ocean_menu_link_hover_background":"","ocean_menu_link_active_background":"","ocean_menu_social_links_bg":"","ocean_menu_social_hover_links_bg":"","ocean_menu_social_links_color":"","ocean_menu_social_hover_links_color":"","ocean_disable_title":"default","ocean_disable_heading":"default","ocean_post_title":"","ocean_post_subheading":"","ocean_post_title_style":"","ocean_post_title_background_color":"","ocean_post_title_background":0,"ocean_post_title_bg_image_position":"","ocean_post_title_bg_image_attachment":"","ocean_post_title_bg_image_repeat":"","ocean_post_title_bg_image_size":"","ocean_post_title_height":0,"ocean_post_title_bg_overlay":0.5,"ocean_post_title_bg_overlay_color":"","ocean_disable_breadcrumbs":"default","ocean_breadcrumbs_color":"","ocean_breadcrumbs_separator_color":"","ocean_breadcrumbs_links_color":"","ocean_breadcrumbs_links_hover_color":"","ocean_display_footer_widgets":"default","ocean_display_footer_bottom":"default","ocean_custom_footer_template":"0","footnotes":""},"class_list":["post-87","page","type-page","status-publish","hentry","entry"],"yoast_head":"<!-- This site is optimized with the Yoast SEO plugin v26.8 - https:\/\/yoast.com\/product\/yoast-seo-wordpress\/ -->\n<title>Pol\u00edtica de cookies - MTM S.A.<\/title>\n<meta name=\"robots\" content=\"index, follow, max-snippet:-1, max-image-preview:large, max-video-preview:-1\" \/>\n<link rel=\"canonical\" href=\"https:\/\/www.mtmsa.com\/en\/politica-de-cookies\/\" \/>\n<meta property=\"og:locale\" content=\"en_GB\" \/>\n<meta property=\"og:type\" content=\"article\" \/>\n<meta property=\"og:title\" content=\"Pol\u00edtica de cookies - MTM S.A.\" \/>\n<meta property=\"og:description\" content=\"\u00bfQu\u00e9 son las Cookies? Una cookie es un archivo o dispositivo que se descarga en el equipo terminal de un usuario con la finalidad de almacenar datos que podr\u00e1n ser actualizados y recuperados por la entidad responsable de su instalaci\u00f3n. Es decir, es un fichero que se descarga en su ordenador al acceder a determinadas [&hellip;]\" \/>\n<meta property=\"og:url\" content=\"https:\/\/www.mtmsa.com\/en\/politica-de-cookies\/\" \/>\n<meta property=\"og:site_name\" content=\"MTM S.A.\" \/>\n<meta property=\"article:modified_time\" content=\"2025-01-23T10:41:03+00:00\" \/>\n<meta name=\"twitter:card\" content=\"summary_large_image\" \/>\n<meta name=\"twitter:label1\" content=\"Estimated reading time\" \/>\n\t<meta name=\"twitter:data1\" content=\"5 minutes\" \/>\n<script type=\"application\/ld+json\" class=\"yoast-schema-graph\">{\"@context\":\"https:\/\/schema.org\",\"@graph\":[{\"@type\":\"WebPage\",\"@id\":\"https:\/\/www.mtmsa.com\/politica-de-cookies\/\",\"url\":\"https:\/\/www.mtmsa.com\/politica-de-cookies\/\",\"name\":\"Pol\u00edtica de cookies - MTM S.A.\",\"isPartOf\":{\"@id\":\"https:\/\/www.mtmsa.com\/#website\"},\"datePublished\":\"2025-01-23T09:32:40+00:00\",\"dateModified\":\"2025-01-23T10:41:03+00:00\",\"breadcrumb\":{\"@id\":\"https:\/\/www.mtmsa.com\/politica-de-cookies\/#breadcrumb\"},\"inLanguage\":\"en-GB\",\"potentialAction\":[{\"@type\":\"ReadAction\",\"target\":[\"https:\/\/www.mtmsa.com\/politica-de-cookies\/\"]}]},{\"@type\":\"BreadcrumbList\",\"@id\":\"https:\/\/www.mtmsa.com\/politica-de-cookies\/#breadcrumb\",\"itemListElement\":[{\"@type\":\"ListItem\",\"position\":1,\"name\":\"Portada\",\"item\":\"https:\/\/www.mtmsa.com\/\"},{\"@type\":\"ListItem\",\"position\":2,\"name\":\"Pol\u00edtica de cookies\"}]},{\"@type\":\"WebSite\",\"@id\":\"https:\/\/www.mtmsa.com\/#website\",\"url\":\"https:\/\/www.mtmsa.com\/\",\"name\":\"MTM S.A.\",\"description\":\"Servicio T&eacute;cnico Oficial MTU en Islas Baleares\",\"publisher\":{\"@id\":\"https:\/\/www.mtmsa.com\/#organization\"},\"potentialAction\":[{\"@type\":\"SearchAction\",\"target\":{\"@type\":\"EntryPoint\",\"urlTemplate\":\"https:\/\/www.mtmsa.com\/?s={search_term_string}\"},\"query-input\":{\"@type\":\"PropertyValueSpecification\",\"valueRequired\":true,\"valueName\":\"search_term_string\"}}],\"inLanguage\":\"en-GB\"},{\"@type\":\"Organization\",\"@id\":\"https:\/\/www.mtmsa.com\/#organization\",\"name\":\"MTM S.A.\",\"url\":\"https:\/\/www.mtmsa.com\/\",\"logo\":{\"@type\":\"ImageObject\",\"inLanguage\":\"en-GB\",\"@id\":\"https:\/\/www.mtmsa.com\/#\/schema\/logo\/image\/\",\"url\":\"https:\/\/www.mtmsa.com\/wp-content\/uploads\/2025\/02\/logo-completo-e1740392960937.png\",\"contentUrl\":\"https:\/\/www.mtmsa.com\/wp-content\/uploads\/2025\/02\/logo-completo-e1740392960937.png\",\"width\":500,\"height\":101,\"caption\":\"MTM S.A.\"},\"image\":{\"@id\":\"https:\/\/www.mtmsa.com\/#\/schema\/logo\/image\/\"}}]}<\/script>\n<!-- \/ Yoast SEO plugin. -->","yoast_head_json":{"title":"Pol\u00edtica de cookies - MTM S.A.","robots":{"index":"index","follow":"follow","max-snippet":"max-snippet:-1","max-image-preview":"max-image-preview:large","max-video-preview":"max-video-preview:-1"},"canonical":"https:\/\/www.mtmsa.com\/en\/politica-de-cookies\/","og_locale":"en_GB","og_type":"article","og_title":"Pol\u00edtica de cookies - MTM S.A.","og_description":"\u00bfQu\u00e9 son las Cookies? Una cookie es un archivo o dispositivo que se descarga en el equipo terminal de un usuario con la finalidad de almacenar datos que podr\u00e1n ser actualizados y recuperados por la entidad responsable de su instalaci\u00f3n. Es decir, es un fichero que se descarga en su ordenador al acceder a determinadas [&hellip;]","og_url":"https:\/\/www.mtmsa.com\/en\/politica-de-cookies\/","og_site_name":"MTM S.A.","article_modified_time":"2025-01-23T10:41:03+00:00","twitter_card":"summary_large_image","twitter_misc":{"Estimated reading time":"5 minutes"},"schema":{"@context":"https:\/\/schema.org","@graph":[{"@type":"WebPage","@id":"https:\/\/www.mtmsa.com\/politica-de-cookies\/","url":"https:\/\/www.mtmsa.com\/politica-de-cookies\/","name":"Pol\u00edtica de cookies - MTM S.A.","isPartOf":{"@id":"https:\/\/www.mtmsa.com\/#website"},"datePublished":"2025-01-23T09:32:40+00:00","dateModified":"2025-01-23T10:41:03+00:00","breadcrumb":{"@id":"https:\/\/www.mtmsa.com\/politica-de-cookies\/#breadcrumb"},"inLanguage":"en-GB","potentialAction":[{"@type":"ReadAction","target":["https:\/\/www.mtmsa.com\/politica-de-cookies\/"]}]},{"@type":"BreadcrumbList","@id":"https:\/\/www.mtmsa.com\/politica-de-cookies\/#breadcrumb","itemListElement":[{"@type":"ListItem","position":1,"name":"Portada","item":"https:\/\/www.mtmsa.com\/"},{"@type":"ListItem","position":2,"name":"Pol\u00edtica de cookies"}]},{"@type":"WebSite","@id":"https:\/\/www.mtmsa.com\/#website","url":"https:\/\/www.mtmsa.com\/","name":"MTM S.A.","description":"Servicio T&eacute;cnico Oficial MTU en Islas Baleares","publisher":{"@id":"https:\/\/www.mtmsa.com\/#organization"},"potentialAction":[{"@type":"SearchAction","target":{"@type":"EntryPoint","urlTemplate":"https:\/\/www.mtmsa.com\/?s={search_term_string}"},"query-input":{"@type":"PropertyValueSpecification","valueRequired":true,"valueName":"search_term_string"}}],"inLanguage":"en-GB"},{"@type":"Organization","@id":"https:\/\/www.mtmsa.com\/#organization","name":"MTM S.A.","url":"https:\/\/www.mtmsa.com\/","logo":{"@type":"ImageObject","inLanguage":"en-GB","@id":"https:\/\/www.mtmsa.com\/#\/schema\/logo\/image\/","url":"https:\/\/www.mtmsa.com\/wp-content\/uploads\/2025\/02\/logo-completo-e1740392960937.png","contentUrl":"https:\/\/www.mtmsa.com\/wp-content\/uploads\/2025\/02\/logo-completo-e1740392960937.png","width":500,"height":101,"caption":"MTM S.A."},"image":{"@id":"https:\/\/www.mtmsa.com\/#\/schema\/logo\/image\/"}}]}},"_links":{"self":[{"href":"https:\/\/www.mtmsa.com\/en\/wp-json\/wp\/v2\/pages\/87","targetHints":{"allow":["GET"]}}],"collection":[{"href":"https:\/\/www.mtmsa.com\/en\/wp-json\/wp\/v2\/pages"}],"about":[{"href":"https:\/\/www.mtmsa.com\/en\/wp-json\/wp\/v2\/types\/page"}],"author":[{"embeddable":true,"href":"https:\/\/www.mtmsa.com\/en\/wp-json\/wp\/v2\/users\/1"}],"replies":[{"embeddable":true,"href":"https:\/\/www.mtmsa.com\/en\/wp-json\/wp\/v2\/comments?post=87"}],"version-history":[{"count":3,"href":"https:\/\/www.mtmsa.com\/en\/wp-json\/wp\/v2\/pages\/87\/revisions"}],"predecessor-version":[{"id":103,"href":"https:\/\/www.mtmsa.com\/en\/wp-json\/wp\/v2\/pages\/87\/revisions\/103"}],"wp:attachment":[{"href":"https:\/\/www.mtmsa.com\/en\/wp-json\/wp\/v2\/media?parent=87"}],"curies":[{"name":"wp","href":"https:\/\/api.w.org\/{rel}","templated":true}]}}